{"id":839,"date":"2025-12-30T18:29:34","date_gmt":"2025-12-30T23:29:34","guid":{"rendered":"https:\/\/cedclearshot.com\/?page_id=839"},"modified":"2026-03-16T21:48:26","modified_gmt":"2026-03-17T01:48:26","slug":"mariage","status":"publish","type":"page","link":"https:\/\/cedclearshot.com\/en\/mariage\/","title":{"rendered":"Weddings"},"content":{"rendered":"<div data-elementor-type=\"wp-page\" data-elementor-id=\"839\" class=\"elementor elementor-839\" data-elementor-post-type=\"page\">\n\t\t\t\t\t\t<section class=\"elementor-section elementor-top-section elementor-element elementor-element-7be8d4b4 elementor-section-height-min-height elementor-section-boxed elementor-section-height-default elementor-section-items-middle\" data-id=\"7be8d4b4\" data-element_type=\"section\" data-settings=\"{&quot;background_background&quot;:&quot;classic&quot;}\">\n\t\t\t\t\t\t\t<div class=\"elementor-background-overlay\"><\/div>\n\t\t\t\t\t\t\t<div class=\"elementor-container elementor-column-gap-default\">\n\t\t\t\t\t<div class=\"elementor-column elementor-col-100 elementor-top-column elementor-element elementor-element-2c46d8d6\" data-id=\"2c46d8d6\" data-element_type=\"column\">\n\t\t\t<div class=\"elementor-widget-wrap elementor-element-populated\">\n\t\t\t\t\t\t<section class=\"elementor-section elementor-inner-section elementor-element elementor-element-6802b503 elementor-section-boxed elementor-section-height-default elementor-section-height-default\" data-id=\"6802b503\" data-element_type=\"section\">\n\t\t\t\t\t\t<div class=\"elementor-container elementor-column-gap-default\">\n\t\t\t\t\t<div class=\"elementor-column elementor-col-100 elementor-inner-column elementor-element elementor-element-6d462d73 elementor-invisible\" data-id=\"6d462d73\" data-element_type=\"column\" data-settings=\"{&quot;animation&quot;:&quot;fadeInRight&quot;,&quot;background_background&quot;:&quot;classic&quot;}\">\n\t\t\t<div class=\"elementor-widget-wrap elementor-element-populated\">\n\t\t\t\t\t<div class=\"elementor-background-overlay\"><\/div>\n\t\t\t\t\t\t<div class=\"elementor-element elementor-element-1830ed8d elementor-widget elementor-widget-heading\" data-id=\"1830ed8d\" data-element_type=\"widget\" data-settings=\"{&quot;_animation&quot;:&quot;none&quot;}\" data-widget_type=\"heading.default\">\n\t\t\t\t<div class=\"elementor-widget-container\">\n\t\t\t\t\t<h2 class=\"elementor-heading-title elementor-size-default\">Weddings<\/h2>\t\t\t\t<\/div>\n\t\t\t\t<\/div>\n\t\t\t\t<div class=\"elementor-element elementor-element-7ee4ddb8 elementor-widget-mobile__width-initial elementor-widget elementor-widget-text-editor\" data-id=\"7ee4ddb8\" data-element_type=\"widget\" data-settings=\"{&quot;_animation&quot;:&quot;none&quot;}\" data-widget_type=\"text-editor.default\">\n\t\t\t\t<div class=\"elementor-widget-container\">\n\t\t\t\t\t\t\t\t\t<p>Your wedding is a once-in-a-lifetime experience.<br data-start=\"409\" data-end=\"412\" \/>My role is to preserve the emotion, the looks and the real moments, without ever interrupting them.<\/p>\t\t\t\t\t\t\t\t<\/div>\n\t\t\t\t<\/div>\n\t\t\t\t<div class=\"elementor-element elementor-element-6c5fb001 elementor-widget elementor-widget-button\" data-id=\"6c5fb001\" data-element_type=\"widget\" data-widget_type=\"button.default\">\n\t\t\t\t<div class=\"elementor-widget-container\">\n\t\t\t\t\t\t\t\t\t<div class=\"elementor-button-wrapper\">\n\t\t\t\t\t<a class=\"elementor-button elementor-button-link elementor-size-sm\" href=\"\/en\/planifier-une-seance\/\">\n\t\t\t\t\t\t<span class=\"elementor-button-content-wrapper\">\n\t\t\t\t\t\t\t\t\t<span class=\"elementor-button-text\">Make an appointment<\/span>\n\t\t\t\t\t<\/span>\n\t\t\t\t\t<\/a>\n\t\t\t\t<\/div>\n\t\t\t\t\t\t\t\t<\/div>\n\t\t\t\t<\/div>\n\t\t\t\t\t<\/div>\n\t\t<\/div>\n\t\t\t\t\t<\/div>\n\t\t<\/section>\n\t\t\t\t\t<\/div>\n\t\t<\/div>\n\t\t\t\t\t<\/div>\n\t\t<\/section>\n\t\t\t\t<section class=\"elementor-section elementor-top-section elementor-element elementor-element-55d27656 elementor-section-boxed elementor-section-height-default elementor-section-height-default\" data-id=\"55d27656\" data-element_type=\"section\" data-settings=\"{&quot;background_background&quot;:&quot;classic&quot;}\">\n\t\t\t\t\t\t<div class=\"elementor-container elementor-column-gap-default\">\n\t\t\t\t\t<div class=\"elementor-column elementor-col-100 elementor-top-column elementor-element elementor-element-5b144a8a\" data-id=\"5b144a8a\" data-element_type=\"column\">\n\t\t\t<div class=\"elementor-widget-wrap elementor-element-populated\">\n\t\t\t\t\t\t<section class=\"elementor-section elementor-inner-section elementor-element elementor-element-60f575dc elementor-section-boxed elementor-section-height-default elementor-section-height-default\" data-id=\"60f575dc\" data-element_type=\"section\">\n\t\t\t\t\t\t<div class=\"elementor-container elementor-column-gap-default\">\n\t\t\t\t\t<div class=\"elementor-column elementor-col-50 elementor-inner-column elementor-element elementor-element-7441406b\" data-id=\"7441406b\" data-element_type=\"column\">\n\t\t\t<div class=\"elementor-widget-wrap elementor-element-populated\">\n\t\t\t\t\t\t<div class=\"elementor-element elementor-element-305ffb5 elementor-widget elementor-widget-text-editor\" data-id=\"305ffb5\" data-element_type=\"widget\" data-widget_type=\"text-editor.default\">\n\t\t\t\t<div class=\"elementor-widget-container\">\n\t\t\t\t\t\t\t\t\t<h3 data-start=\"568\" data-end=\"604\">A discreet and sincere approach<\/h3><p data-start=\"606\" data-end=\"738\">A wedding is not a directed photo shoot.<br data-start=\"652\" data-end=\"655\" \/>It is a series of spontaneous moments, real emotions, and human connections.<\/p><p data-start=\"740\" data-end=\"1001\">My work consists of observing, anticipating, and capturing what happens naturally, without forcing poses or disrupting the rhythm of your day. I favor instinctive gestures, exchanged glances, unexpected laughter, and silences charged with emotion.<\/p><p data-start=\"1003\" data-end=\"1162\">Every couple has their own story. My goal is to tell it with sensitivity, elegance and authenticity, through images that will stand the test of time.<\/p>\t\t\t\t\t\t\t\t<\/div>\n\t\t\t\t<\/div>\n\t\t\t\t\t<\/div>\n\t\t<\/div>\n\t\t\t\t<div class=\"elementor-column elementor-col-50 elementor-inner-column elementor-element elementor-element-1bd85920\" data-id=\"1bd85920\" data-element_type=\"column\">\n\t\t\t<div class=\"elementor-widget-wrap elementor-element-populated\">\n\t\t\t\t\t\t<div class=\"elementor-element elementor-element-30c787c elementor-widget__width-initial elementor-absolute elementor-invisible elementor-widget elementor-widget-spacer\" data-id=\"30c787c\" data-element_type=\"widget\" data-settings=\"{&quot;_position&quot;:&quot;absolute&quot;,&quot;_animation&quot;:&quot;fadeInRight&quot;}\" data-widget_type=\"spacer.default\">\n\t\t\t\t<div class=\"elementor-widget-container\">\n\t\t\t\t\t\t\t<div class=\"elementor-spacer\">\n\t\t\t<div class=\"elementor-spacer-inner\"><\/div>\n\t\t<\/div>\n\t\t\t\t\t\t<\/div>\n\t\t\t\t<\/div>\n\t\t\t\t<div class=\"elementor-element elementor-element-6fbc49c2 elementor-invisible elementor-widget elementor-widget-image\" data-id=\"6fbc49c2\" data-element_type=\"widget\" data-settings=\"{&quot;_animation&quot;:&quot;fadeInLeft&quot;}\" data-widget_type=\"image.default\">\n\t\t\t\t<div class=\"elementor-widget-container\">\n\t\t\t\t\t\t\t\t\t\t\t\t\t\t\t<img fetchpriority=\"high\" decoding=\"async\" width=\"1707\" height=\"2560\" src=\"https:\/\/cedclearshot.com\/wp-content\/uploads\/2025\/12\/Wed-0008-scaled.jpg\" class=\"attachment-full size-full wp-image-738\" alt=\"\" srcset=\"https:\/\/cedclearshot.com\/wp-content\/uploads\/2025\/12\/Wed-0008-scaled.jpg 1707w, https:\/\/cedclearshot.com\/wp-content\/uploads\/2025\/12\/Wed-0008-200x300.jpg 200w, https:\/\/cedclearshot.com\/wp-content\/uploads\/2025\/12\/Wed-0008-683x1024.jpg 683w, https:\/\/cedclearshot.com\/wp-content\/uploads\/2025\/12\/Wed-0008-768x1152.jpg 768w, https:\/\/cedclearshot.com\/wp-content\/uploads\/2025\/12\/Wed-0008-1024x1536.jpg 1024w, https:\/\/cedclearshot.com\/wp-content\/uploads\/2025\/12\/Wed-0008-1365x2048.jpg 1365w\" sizes=\"(max-width: 1707px) 100vw, 1707px\" \/>\t\t\t\t\t\t\t\t\t\t\t\t\t\t\t<\/div>\n\t\t\t\t<\/div>\n\t\t\t\t\t<\/div>\n\t\t<\/div>\n\t\t\t\t\t<\/div>\n\t\t<\/section>\n\t\t\t\t<section class=\"elementor-section elementor-inner-section elementor-element elementor-element-14b7ad4a elementor-section-content-middle elementor-section-boxed elementor-section-height-default elementor-section-height-default\" data-id=\"14b7ad4a\" data-element_type=\"section\">\n\t\t\t\t\t\t<div class=\"elementor-container elementor-column-gap-default\">\n\t\t\t\t\t<div class=\"elementor-column elementor-col-33 elementor-inner-column elementor-element elementor-element-3c75d815 elementor-invisible\" data-id=\"3c75d815\" data-element_type=\"column\" data-settings=\"{&quot;animation&quot;:&quot;fadeInUp&quot;,&quot;background_background&quot;:&quot;classic&quot;}\">\n\t\t\t<div class=\"elementor-widget-wrap elementor-element-populated\">\n\t\t\t\t\t\t<div class=\"elementor-element elementor-element-6dc2c0a2 elementor-widget elementor-widget-image\" data-id=\"6dc2c0a2\" data-element_type=\"widget\" data-widget_type=\"image.default\">\n\t\t\t\t<div class=\"elementor-widget-container\">\n\t\t\t\t\t\t\t\t\t\t\t\t\t\t\t<img decoding=\"async\" width=\"2048\" height=\"2560\" src=\"https:\/\/cedclearshot.com\/wp-content\/uploads\/2025\/12\/Wed-0000-scaled.jpg\" class=\"attachment-full size-full wp-image-733\" alt=\"\" srcset=\"https:\/\/cedclearshot.com\/wp-content\/uploads\/2025\/12\/Wed-0000-scaled.jpg 2048w, https:\/\/cedclearshot.com\/wp-content\/uploads\/2025\/12\/Wed-0000-240x300.jpg 240w, https:\/\/cedclearshot.com\/wp-content\/uploads\/2025\/12\/Wed-0000-819x1024.jpg 819w, https:\/\/cedclearshot.com\/wp-content\/uploads\/2025\/12\/Wed-0000-768x960.jpg 768w, https:\/\/cedclearshot.com\/wp-content\/uploads\/2025\/12\/Wed-0000-1229x1536.jpg 1229w, https:\/\/cedclearshot.com\/wp-content\/uploads\/2025\/12\/Wed-0000-1638x2048.jpg 1638w\" sizes=\"(max-width: 2048px) 100vw, 2048px\" \/>\t\t\t\t\t\t\t\t\t\t\t\t\t\t\t<\/div>\n\t\t\t\t<\/div>\n\t\t\t\t\t<\/div>\n\t\t<\/div>\n\t\t\t\t<div class=\"elementor-column elementor-col-33 elementor-inner-column elementor-element elementor-element-5bacaa7d\" data-id=\"5bacaa7d\" data-element_type=\"column\">\n\t\t\t<div class=\"elementor-widget-wrap elementor-element-populated\">\n\t\t\t\t\t\t<div class=\"elementor-element elementor-element-7146b1af elementor-widget elementor-widget-text-editor\" data-id=\"7146b1af\" data-element_type=\"widget\" data-widget_type=\"text-editor.default\">\n\t\t\t\t<div class=\"elementor-widget-container\">\n\t\t\t\t\t\t\t\t\t<p data-start=\"1217\" data-end=\"1375\">Every detail counts.<br data-start=\"1238\" data-end=\"1241\" \/>The preparations, the ceremony, the exchanges between loved ones, the atmosphere of the reception\u2026 Everything contributes to the narrative of your day.<\/p><p data-start=\"1377\" data-end=\"1623\">The final result is intentionally timeless: controlled lighting, balanced colors, and a consistent visual approach from beginning to end. No excessive effects, no fleeting trends. Just strong, sincere, and enduring images.<\/p><p data-start=\"1625\" data-end=\"1771\">These photos are not made for social media only.<br data-start=\"1691\" data-end=\"1694\" \/>They are meant to be revisited, felt, and shared for a long time to come.<\/p>\t\t\t\t\t\t\t\t<\/div>\n\t\t\t\t<\/div>\n\t\t\t\t\t<\/div>\n\t\t<\/div>\n\t\t\t\t<div class=\"elementor-column elementor-col-33 elementor-inner-column elementor-element elementor-element-2d1c50a0\" data-id=\"2d1c50a0\" data-element_type=\"column\">\n\t\t\t<div class=\"elementor-widget-wrap elementor-element-populated\">\n\t\t\t\t\t\t<div class=\"elementor-element elementor-element-7076fb6b elementor-arrows-position-inside elementor-widget elementor-widget-image-carousel\" data-id=\"7076fb6b\" data-element_type=\"widget\" data-settings=\"{&quot;slides_to_show&quot;:&quot;1&quot;,&quot;slides_to_show_tablet&quot;:&quot;3&quot;,&quot;slides_to_show_mobile&quot;:&quot;1&quot;,&quot;navigation&quot;:&quot;arrows&quot;,&quot;autoplay&quot;:&quot;yes&quot;,&quot;pause_on_hover&quot;:&quot;yes&quot;,&quot;pause_on_interaction&quot;:&quot;yes&quot;,&quot;autoplay_speed&quot;:5000,&quot;infinite&quot;:&quot;yes&quot;,&quot;effect&quot;:&quot;slide&quot;,&quot;speed&quot;:500}\" data-widget_type=\"image-carousel.default\">\n\t\t\t\t<div class=\"elementor-widget-container\">\n\t\t\t\t\t\t\t<div class=\"elementor-image-carousel-wrapper swiper\" role=\"region\" aria-roledescription=\"carousel\" aria-label=\"Image carousel\" dir=\"ltr\">\n\t\t\t<div class=\"elementor-image-carousel swiper-wrapper\" aria-live=\"off\">\n\t\t\t\t\t\t\t\t<div class=\"swiper-slide\" role=\"group\" aria-roledescription=\"slide\" aria-label=\"1 of 7\"><figure class=\"swiper-slide-inner\"><img decoding=\"async\" class=\"swiper-slide-image\" src=\"https:\/\/cedclearshot.com\/wp-content\/uploads\/elementor\/thumbs\/Wed-0010-scaled-rgsvn339swee6w4ocpuhvc0ofgcftiaic9yakkjjjk.jpg\" alt=\"Evoto\" \/><\/figure><\/div><div class=\"swiper-slide\" role=\"group\" aria-roledescription=\"slide\" aria-label=\"2 of 7\"><figure class=\"swiper-slide-inner\"><img decoding=\"async\" class=\"swiper-slide-image\" src=\"https:\/\/cedclearshot.com\/wp-content\/uploads\/elementor\/thumbs\/Wed-0009-scaled-rgsvmn40kpsipirvy0xu6y1ubwj76nj2m2v1ev78hc.jpg\" alt=\"Wed-0009\" \/><\/figure><\/div><div class=\"swiper-slide\" role=\"group\" aria-roledescription=\"slide\" aria-label=\"3 of 7\"><figure class=\"swiper-slide-inner\"><img decoding=\"async\" class=\"swiper-slide-image\" src=\"https:\/\/cedclearshot.com\/wp-content\/uploads\/elementor\/thumbs\/Wed-0005-scaled-rgsvm9y9x1ai6zb02v9281de0ic26w2tw9q8ozqqwg.jpg\" alt=\"Wed-0005\" \/><\/figure><\/div><div class=\"swiper-slide\" role=\"group\" aria-roledescription=\"slide\" aria-label=\"4 of 7\"><figure class=\"swiper-slide-inner\"><img decoding=\"async\" class=\"swiper-slide-image\" src=\"https:\/\/cedclearshot.com\/wp-content\/uploads\/elementor\/thumbs\/Wed-0003-scaled-rgsvlxqdg6ts01sr27ywtmgeai0aetqbil8xge8v5c.jpg\" alt=\"Evoto\" \/><\/figure><\/div><div class=\"swiper-slide\" role=\"group\" aria-roledescription=\"slide\" aria-label=\"5 of 7\"><figure class=\"swiper-slide-inner\"><img decoding=\"async\" class=\"swiper-slide-image\" src=\"https:\/\/cedclearshot.com\/wp-content\/uploads\/elementor\/thumbs\/Wed-0001-scaled-rgsvlioyeu96uaeli1gvpq90sc2ezo2m4it5ryv5ww.jpg\" alt=\"Evoto\" \/><\/figure><\/div><div class=\"swiper-slide\" role=\"group\" aria-roledescription=\"slide\" aria-label=\"6 of 7\"><figure class=\"swiper-slide-inner\"><img decoding=\"async\" class=\"swiper-slide-image\" src=\"https:\/\/cedclearshot.com\/wp-content\/uploads\/elementor\/thumbs\/Wed-0014-scaled-rgsvni4ou8yzcnitwwciz881xmab8ny7qce28zx8s0.jpg\" alt=\"Evoto\" \/><\/figure><\/div><div class=\"swiper-slide\" role=\"group\" aria-roledescription=\"slide\" aria-label=\"7 of 7\"><figure class=\"swiper-slide-inner\"><img decoding=\"async\" class=\"swiper-slide-image\" src=\"https:\/\/cedclearshot.com\/wp-content\/uploads\/elementor\/thumbs\/Wed-0021-scaled-rgsvnpnecx99xj7wozljj6bqop98y8s2fdly37m3e8.jpg\" alt=\"Wed-0021\" \/><\/figure><\/div>\t\t\t<\/div>\n\t\t\t\t\t\t\t\t\t\t\t\t<div class=\"elementor-swiper-button elementor-swiper-button-prev\" role=\"button\" tabindex=\"0\">\n\t\t\t\t\t\t<svg aria-hidden=\"true\" class=\"e-font-icon-svg e-eicon-chevron-left\" viewbox=\"0 0 1000 1000\" xmlns=\"http:\/\/www.w3.org\/2000\/svg\"><path d=\"M646 125C629 125 613 133 604 142L308 442C296 454 292 471 292 487 292 504 296 521 308 533L604 854C617 867 629 875 646 875 663 875 679 871 692 858 704 846 713 829 713 812 713 796 708 779 692 767L438 487 692 225C700 217 708 204 708 187 708 171 704 154 692 142 675 129 663 125 646 125Z\"><\/path><\/svg>\t\t\t\t\t<\/div>\n\t\t\t\t\t<div class=\"elementor-swiper-button elementor-swiper-button-next\" role=\"button\" tabindex=\"0\">\n\t\t\t\t\t\t<svg aria-hidden=\"true\" class=\"e-font-icon-svg e-eicon-chevron-right\" viewbox=\"0 0 1000 1000\" xmlns=\"http:\/\/www.w3.org\/2000\/svg\"><path d=\"M696 533C708 521 713 504 713 487 713 471 708 454 696 446L400 146C388 133 375 125 354 125 338 125 325 129 313 142 300 154 292 171 292 187 292 204 296 221 308 233L563 492 304 771C292 783 288 800 288 817 288 833 296 850 308 863 321 871 338 875 354 875 371 875 388 867 400 854L696 533Z\"><\/path><\/svg>\t\t\t\t\t<\/div>\n\t\t\t\t\n\t\t\t\t\t\t\t\t\t<\/div>\n\t\t\t\t\t\t<\/div>\n\t\t\t\t<\/div>\n\t\t\t\t\t<\/div>\n\t\t<\/div>\n\t\t\t\t\t<\/div>\n\t\t<\/section>\n\t\t\t\t\t<\/div>\n\t\t<\/div>\n\t\t\t\t\t<\/div>\n\t\t<\/section>\n\t\t\t\t<\/div>","protected":false},"excerpt":{"rendered":"<p>Mariage Votre mariage se vit une seule fois.Mon r\u00f4le est d\u2019en pr\u00e9server l\u2019\u00e9motion, les regards et les instants vrais, sans jamais les interrompre. Prendre rendez-vous Une approche discr\u00e8te et sinc\u00e8re Un mariage n\u2019est pas une s\u00e9ance photo dirig\u00e9e.C\u2019est une suite de moments spontan\u00e9s, d\u2019\u00e9motions r\u00e9elles et de connexions humaines. Mon travail consiste \u00e0 observer, anticiper [&hellip;]<\/p>\n","protected":false},"author":1,"featured_media":0,"parent":0,"menu_order":0,"comment_status":"closed","ping_status":"closed","template":"","meta":{"footnotes":""},"class_list":["post-839","page","type-page","status-publish","hentry"],"_links":{"self":[{"href":"https:\/\/cedclearshot.com\/en\/wp-json\/wp\/v2\/pages\/839","targetHints":{"allow":["GET"]}}],"collection":[{"href":"https:\/\/cedclearshot.com\/en\/wp-json\/wp\/v2\/pages"}],"about":[{"href":"https:\/\/cedclearshot.com\/en\/wp-json\/wp\/v2\/types\/page"}],"author":[{"embeddable":true,"href":"https:\/\/cedclearshot.com\/en\/wp-json\/wp\/v2\/users\/1"}],"replies":[{"embeddable":true,"href":"https:\/\/cedclearshot.com\/en\/wp-json\/wp\/v2\/comments?post=839"}],"version-history":[{"count":31,"href":"https:\/\/cedclearshot.com\/en\/wp-json\/wp\/v2\/pages\/839\/revisions"}],"predecessor-version":[{"id":1454,"href":"https:\/\/cedclearshot.com\/en\/wp-json\/wp\/v2\/pages\/839\/revisions\/1454"}],"wp:attachment":[{"href":"https:\/\/cedclearshot.com\/en\/wp-json\/wp\/v2\/media?parent=839"}],"curies":[{"name":"wp","href":"https:\/\/api.w.org\/{rel}","templated":true}]}}