{"id":1045,"date":"2025-12-31T15:22:15","date_gmt":"2025-12-31T20:22:15","guid":{"rendered":"https:\/\/cedclearshot.com\/?page_id=1045"},"modified":"2026-03-21T21:08:56","modified_gmt":"2026-03-22T01:08:56","slug":"planifier-une-seance","status":"publish","type":"page","link":"https:\/\/cedclearshot.com\/en\/planifier-une-seance\/","title":{"rendered":"Schedule a session"},"content":{"rendered":"\t\t<div data-elementor-type=\"wp-page\" data-elementor-id=\"1045\" class=\"elementor elementor-1045\" data-elementor-post-type=\"page\">\n\t\t\t\t\t\t<section class=\"elementor-section elementor-top-section elementor-element elementor-element-330e48f elementor-section-height-min-height elementor-section-boxed elementor-section-height-default elementor-section-items-middle\" data-id=\"330e48f\" data-element_type=\"section\" data-settings=\"{&quot;background_background&quot;:&quot;gradient&quot;,&quot;shape_divider_bottom&quot;:&quot;opacity-fan&quot;}\">\n\t\t\t\t\t\t\t<div class=\"elementor-background-overlay\"><\/div>\n\t\t\t\t\t\t<div class=\"elementor-shape elementor-shape-bottom\" aria-hidden=\"true\" data-negative=\"false\">\n\t\t\t<svg xmlns=\"http:\/\/www.w3.org\/2000\/svg\" viewBox=\"0 0 283.5 19.6\" preserveAspectRatio=\"none\">\n\t<path class=\"elementor-shape-fill\" style=\"opacity:0.33\" d=\"M0 0L0 18.8 141.8 4.1 283.5 18.8 283.5 0z\"\/>\n\t<path class=\"elementor-shape-fill\" style=\"opacity:0.33\" d=\"M0 0L0 12.6 141.8 4 283.5 12.6 283.5 0z\"\/>\n\t<path class=\"elementor-shape-fill\" style=\"opacity:0.33\" d=\"M0 0L0 6.4 141.8 4 283.5 6.4 283.5 0z\"\/>\n\t<path class=\"elementor-shape-fill\" d=\"M0 0L0 1.2 141.8 4 283.5 1.2 283.5 0z\"\/>\n<\/svg>\t\t<\/div>\n\t\t\t\t\t<div class=\"elementor-container elementor-column-gap-default\">\n\t\t\t\t\t<div class=\"elementor-column elementor-col-100 elementor-top-column elementor-element elementor-element-08133b5\" data-id=\"08133b5\" data-element_type=\"column\">\n\t\t\t<div class=\"elementor-widget-wrap elementor-element-populated\">\n\t\t\t\t\t\t<div class=\"elementor-element elementor-element-fa50618 elementor-invisible elementor-widget elementor-widget-heading\" data-id=\"fa50618\" data-element_type=\"widget\" data-settings=\"{&quot;_animation&quot;:&quot;fadeInDown&quot;}\" data-widget_type=\"heading.default\">\n\t\t\t\t<div class=\"elementor-widget-container\">\n\t\t\t\t\t<h2 class=\"elementor-heading-title elementor-size-default\">Planifier une s\u00e9ance<\/h2>\t\t\t\t<\/div>\n\t\t\t\t<\/div>\n\t\t\t\t\t<\/div>\n\t\t<\/div>\n\t\t\t\t\t<\/div>\n\t\t<\/section>\n\t\t<div class=\"elementor-element elementor-element-7d92d19c e-con-full e-flex e-con e-parent\" data-id=\"7d92d19c\" data-element_type=\"container\" id=\"next\">\n\t\t\t\t<div class=\"elementor-element elementor-element-6cd12a2d elementor-widget elementor-widget-heading\" data-id=\"6cd12a2d\" data-element_type=\"widget\" data-widget_type=\"heading.default\">\n\t\t\t\t<div class=\"elementor-widget-container\">\n\t\t\t\t\t<h3 class=\"elementor-heading-title elementor-size-default\">COMMENT SE D\u00c9ROULE LA DEMANDE<\/h3>\t\t\t\t<\/div>\n\t\t\t\t<\/div>\n\t\t<div class=\"elementor-element elementor-element-520bb60c e-con-full e-flex e-con e-child\" data-id=\"520bb60c\" data-element_type=\"container\">\n\t\t<div class=\"elementor-element elementor-element-54ba4516 e-con-full e-flex e-con e-child\" data-id=\"54ba4516\" data-element_type=\"container\">\n\t\t\t\t<div class=\"elementor-element elementor-element-626de295 elementor-widget__width-auto elementor-widget-mobile__width-inherit elementor-invisible elementor-widget elementor-widget-heading\" data-id=\"626de295\" data-element_type=\"widget\" data-settings=\"{&quot;_animation&quot;:&quot;fadeInRight&quot;}\" data-widget_type=\"heading.default\">\n\t\t\t\t<div class=\"elementor-widget-container\">\n\t\t\t\t\t<p class=\"elementor-heading-title elementor-size-default\">01<\/p>\t\t\t\t<\/div>\n\t\t\t\t<\/div>\n\t\t\t\t<div class=\"elementor-element elementor-element-b278d95 elementor-widget__width-initial elementor-widget-tablet__width-initial elementor-widget-mobile__width-inherit elementor-widget elementor-widget-icon-box\" data-id=\"b278d95\" data-element_type=\"widget\" data-widget_type=\"icon-box.default\">\n\t\t\t\t<div class=\"elementor-widget-container\">\n\t\t\t\t\t\t\t<div class=\"elementor-icon-box-wrapper\">\n\n\t\t\t\n\t\t\t\t\t\t<div class=\"elementor-icon-box-content\">\n\n\t\t\t\t\t\t\t\t\t<h4 class=\"elementor-icon-box-title\">\n\t\t\t\t\t\t<span  >\n\t\t\t\t\t\t\tPlanifier la s\u00e9ance\t\t\t\t\t\t<\/span>\n\t\t\t\t\t<\/h4>\n\t\t\t\t\n\t\t\t\t\t\t\t\t\t<p class=\"elementor-icon-box-description\">\n\t\t\t\t\t\tVous nous partagez les grandes lignes de votre projet via le formulaire. Type de service, date souhait\u00e9e, lieu et attentes. Cela permet de bien comprendre votre vision d\u00e8s le d\u00e9part.\t\t\t\t\t<\/p>\n\t\t\t\t\n\t\t\t<\/div>\n\t\t\t\n\t\t<\/div>\n\t\t\t\t\t\t<\/div>\n\t\t\t\t<\/div>\n\t\t\t\t<\/div>\n\t\t<div class=\"elementor-element elementor-element-72c4c8e7 e-con-full e-flex e-con e-child\" data-id=\"72c4c8e7\" data-element_type=\"container\">\n\t\t\t\t<div class=\"elementor-element elementor-element-286ff498 elementor-widget__width-auto elementor-widget-mobile__width-inherit elementor-invisible elementor-widget elementor-widget-heading\" data-id=\"286ff498\" data-element_type=\"widget\" data-settings=\"{&quot;_animation&quot;:&quot;fadeInRight&quot;}\" data-widget_type=\"heading.default\">\n\t\t\t\t<div class=\"elementor-widget-container\">\n\t\t\t\t\t<p class=\"elementor-heading-title elementor-size-default\">02<\/p>\t\t\t\t<\/div>\n\t\t\t\t<\/div>\n\t\t\t\t<div class=\"elementor-element elementor-element-71e6f4bb elementor-widget__width-initial elementor-widget-tablet__width-initial elementor-widget-mobile__width-inherit elementor-widget elementor-widget-icon-box\" data-id=\"71e6f4bb\" data-element_type=\"widget\" data-widget_type=\"icon-box.default\">\n\t\t\t\t<div class=\"elementor-widget-container\">\n\t\t\t\t\t\t\t<div class=\"elementor-icon-box-wrapper\">\n\n\t\t\t\n\t\t\t\t\t\t<div class=\"elementor-icon-box-content\">\n\n\t\t\t\t\t\t\t\t\t<h4 class=\"elementor-icon-box-title\">\n\t\t\t\t\t\t<span  >\n\t\t\t\t\t\t\tPr\u00e9parer ensemble\t\t\t\t\t\t<\/span>\n\t\t\t\t\t<\/h4>\n\t\t\t\t\n\t\t\t\t\t\t\t\t\t<p class=\"elementor-icon-box-description\">\n\t\t\t\t\t\tApr\u00e8s r\u00e9ception de votre demande, nous \u00e9changeons pour confirmer les d\u00e9tails, r\u00e9pondre \u00e0 vos questions et planifier la s\u00e9ance dans les meilleures conditions, en toute simplicit\u00e9.\t\t\t\t\t<\/p>\n\t\t\t\t\n\t\t\t<\/div>\n\t\t\t\n\t\t<\/div>\n\t\t\t\t\t\t<\/div>\n\t\t\t\t<\/div>\n\t\t\t\t<\/div>\n\t\t<div class=\"elementor-element elementor-element-e131c8f e-con-full e-flex e-con e-child\" data-id=\"e131c8f\" data-element_type=\"container\">\n\t\t\t\t<div class=\"elementor-element elementor-element-4b5dfe24 elementor-widget__width-auto elementor-widget-mobile__width-inherit elementor-invisible elementor-widget elementor-widget-heading\" data-id=\"4b5dfe24\" data-element_type=\"widget\" data-settings=\"{&quot;_animation&quot;:&quot;fadeInRight&quot;}\" data-widget_type=\"heading.default\">\n\t\t\t\t<div class=\"elementor-widget-container\">\n\t\t\t\t\t<p class=\"elementor-heading-title elementor-size-default\">03<\/p>\t\t\t\t<\/div>\n\t\t\t\t<\/div>\n\t\t\t\t<div class=\"elementor-element elementor-element-6b2808c4 elementor-widget__width-initial elementor-widget-tablet__width-initial elementor-widget-mobile__width-inherit elementor-widget elementor-widget-icon-box\" data-id=\"6b2808c4\" data-element_type=\"widget\" data-widget_type=\"icon-box.default\">\n\t\t\t\t<div class=\"elementor-widget-container\">\n\t\t\t\t\t\t\t<div class=\"elementor-icon-box-wrapper\">\n\n\t\t\t\n\t\t\t\t\t\t<div class=\"elementor-icon-box-content\">\n\n\t\t\t\t\t\t\t\t\t<h4 class=\"elementor-icon-box-title\">\n\t\t\t\t\t\t<span  >\n\t\t\t\t\t\t\tR\u00e9aliser &amp; livrer\t\t\t\t\t\t<\/span>\n\t\t\t\t\t<\/h4>\n\t\t\t\t\n\t\t\t\t\t\t\t\t\t<p class=\"elementor-icon-box-description\">\n\t\t\t\t\t\tLe jour de la s\u00e9ance ou de l\u2019\u00e9v\u00e9nement, tout se d\u00e9roule de fa\u00e7on fluide et professionnelle. Les images sont ensuite s\u00e9lectionn\u00e9es et livr\u00e9es avec soin, dans un rendu coh\u00e9rent et intemporel.\t\t\t\t\t<\/p>\n\t\t\t\t\n\t\t\t<\/div>\n\t\t\t\n\t\t<\/div>\n\t\t\t\t\t\t<\/div>\n\t\t\t\t<\/div>\n\t\t\t\t<\/div>\n\t\t\t\t<\/div>\n\t\t\t\t<\/div>\n\t\t<div class=\"elementor-element elementor-element-9b60302 e-flex e-con-boxed e-con e-parent\" data-id=\"9b60302\" data-element_type=\"container\" data-settings=\"{&quot;background_background&quot;:&quot;classic&quot;}\">\n\t\t\t\t\t<div class=\"e-con-inner\">\n\t\t\t\t<div class=\"elementor-element elementor-element-71eb012 elementor-widget elementor-widget-wpforms\" data-id=\"71eb012\" data-element_type=\"widget\" data-widget_type=\"wpforms.default\">\n\t\t\t\t<div class=\"elementor-widget-container\">\n\t\t\t\t\t<style id=\"wpforms-css-vars-elementor-widget-71eb012\">\n\t\t\t\t.elementor-widget-wpforms.elementor-element-71eb012 {\n\t\t\t\t--wpforms-field-border-radius: 2px;\n--wpforms-field-background-color: #FFFFFF08;\n--wpforms-field-border-color: #E91D25;\n--wpforms-field-border-color-spare: #E91D25;\n--wpforms-field-text-color: #000000;\n--wpforms-label-sublabel-color: #000000;\n--wpforms-label-error-color: #ff0000;\n--wpforms-button-border-style: solid;\n--wpforms-button-background-color: #E91D25;\n--wpforms-button-border-color: #cccccc;\n--wpforms-button-text-color: #FFFFFF;\n--wpforms-field-border-size: 3px;\n--wpforms-label-color: #000000;\n--wpforms-page-break-color: #000000;\n\t\t\t}\n\t\t\t<\/style><div class=\"wpforms-container wpforms-container-full wpforms-render-modern\" id=\"wpforms-1030\"><form id=\"wpforms-form-1030\" class=\"wpforms-validate wpforms-form wpforms-ajax-form\" data-formid=\"1030\" method=\"post\" enctype=\"multipart\/form-data\" action=\"\/en\/wp-json\/wp\/v2\/pages\/1045\" data-token=\"3ff6f0c870230c3be3f06405493e0475\" data-token-time=\"1776130777\"><div class=\"wpforms-head-container\"><div class=\"wpforms-title\">Prendre rendez-vous<\/div><\/div><noscript class=\"wpforms-error-noscript\">Please enable JavaScript in your browser to complete this form.<\/noscript><div id=\"wpforms-error-noscript\" style=\"display: none;\">Please enable JavaScript in your browser to complete this form.<\/div><div class=\"wpforms-field-container\">\t\t<div id=\"wpforms-1030-field_1-container\"\n\t\t\tclass=\"wpforms-field wpforms-field-text\"\n\t\t\tdata-field-type=\"text\"\n\t\t\tdata-field-id=\"1\"\n\t\t\t>\n\t\t\t<label class=\"wpforms-field-label\" for=\"wpforms-1030-field_1\" >service  de<\/label>\n\t\t\t<input type=\"text\" id=\"wpforms-1030-field_1\" class=\"wpforms-field-medium\" name=\"wpforms[fields][1]\" >\n\t\t<\/div>\n\t\t<div id=\"wpforms-1030-field_17-container\" class=\"wpforms-field wpforms-field-text\" data-field-id=\"17\"><label class=\"wpforms-field-label\" for=\"wpforms-1030-field_17\">Pr\u00e9nom et nom  <span class=\"wpforms-required-label\" aria-hidden=\"true\">*<\/span><\/label><input type=\"text\" id=\"wpforms-1030-field_17\" class=\"wpforms-field-medium wpforms-field-required\" name=\"wpforms[fields][17]\" aria-errormessage=\"wpforms-1030-field_17-error\" required><\/div><div id=\"wpforms-1030-field_18-container\" class=\"wpforms-field wpforms-field-text\" data-field-id=\"18\"><label class=\"wpforms-field-label\" for=\"wpforms-1030-field_18\">T\u00e9l\u00e9phone <span class=\"wpforms-required-label\" aria-hidden=\"true\">*<\/span><\/label><input type=\"text\" id=\"wpforms-1030-field_18\" class=\"wpforms-field-medium wpforms-field-required\" name=\"wpforms[fields][18]\" aria-errormessage=\"wpforms-1030-field_18-error\" required><\/div><div id=\"wpforms-1030-field_15-container\" class=\"wpforms-field wpforms-field-email\" data-field-id=\"15\"><label class=\"wpforms-field-label\" for=\"wpforms-1030-field_15\">Courriel  <span class=\"wpforms-required-label\" aria-hidden=\"true\">*<\/span><\/label><input type=\"email\" id=\"wpforms-1030-field_15\" class=\"wpforms-field-medium wpforms-field-required\" name=\"wpforms[fields][15]\" spellcheck=\"false\" aria-errormessage=\"wpforms-1030-field_15-error\" required><\/div><div id=\"wpforms-1030-field_4-container\" class=\"wpforms-field wpforms-field-select wpforms-field-select-style-classic\" data-field-id=\"4\"><label class=\"wpforms-field-label\" for=\"wpforms-1030-field_4\">Type de service <span class=\"wpforms-required-label\" aria-hidden=\"true\">*<\/span><\/label><select id=\"wpforms-1030-field_4\" class=\"wpforms-field-medium wpforms-field-required\" name=\"wpforms[fields][4]\" required=\"required\"><option value=\"Mariage\"  class=\"choice-1 depth-1\"  >Mariage<\/option><option value=\"Maternit\u00e9\"  class=\"choice-2 depth-1\"  >Maternit\u00e9<\/option><option value=\"\u00c9v\u00e9nements\"  class=\"choice-3 depth-1\"  >\u00c9v\u00e9nements<\/option><option value=\"Anniversaire\"  class=\"choice-4 depth-1\"  >Anniversaire<\/option><option value=\"Lifestyle \/ Portrait\"  class=\"choice-5 depth-1\"  >Lifestyle \/ Portrait<\/option><option value=\"Famille\"  class=\"choice-7 depth-1\"  >Famille<\/option><option value=\"Drone\"  class=\"choice-8 depth-1\"  >Drone<\/option><option value=\"Portrait corporatif\"  class=\"choice-9 depth-1\"  >Portrait corporatif<\/option><\/select><\/div><div id=\"wpforms-1030-field_19-container\" class=\"wpforms-field wpforms-field-text\" data-field-id=\"19\"><label class=\"wpforms-field-label\" for=\"wpforms-1030-field_19\">Date souhait\u00e9e du projet<\/label><input type=\"text\" id=\"wpforms-1030-field_19\" class=\"wpforms-field-medium\" name=\"wpforms[fields][19]\" aria-errormessage=\"wpforms-1030-field_19-error\" ><\/div><div id=\"wpforms-1030-field_12-container\" class=\"wpforms-field wpforms-field-radio\" data-field-id=\"12\"><fieldset><legend class=\"wpforms-field-label\">Lieu :<\/legend><ul id=\"wpforms-1030-field_12\"><li class=\"choice-1 depth-1\"><input type=\"radio\" id=\"wpforms-1030-field_12_1\" name=\"wpforms[fields][12]\" value=\"Les studios Ced Clear Shot\" aria-errormessage=\"wpforms-1030-field_12_1-error\" aria-describedby=\"wpforms-1030-field_12-description\"  ><label class=\"wpforms-field-label-inline\" for=\"wpforms-1030-field_12_1\">Les studios Ced Clear Shot<\/label><\/li><li class=\"choice-5 depth-1 wpforms-other-choice\"><input type=\"radio\" id=\"wpforms-1030-field_12_5\" data-other-choice=\"true\" name=\"wpforms[fields][12]\" value=\"Autres\" aria-errormessage=\"wpforms-1030-field_12_5-error\" aria-describedby=\"wpforms-1030-field_12-description\"  ><label class=\"wpforms-field-label-inline\" for=\"wpforms-1030-field_12_5\">Autres<\/label><\/li><\/ul><input type=\"text\" id=\"wpforms-1030-field_12_other\" class=\"wpforms-other-input wpforms-field-required wpforms-field-medium wpforms-hidden\" name=\"wpforms[fields][12][other]\" disabled=\"disabled\" required><div id=\"wpforms-1030-field_12-description\" class=\"wpforms-field-description\">(des frais de d\u00e9placement peuvent s\u2019appliquer selon la localisation)<\/div><\/fieldset><\/div><div id=\"wpforms-1030-field_7-container\" class=\"wpforms-field wpforms-field-textarea\" data-field-id=\"7\"><label class=\"wpforms-field-label\" for=\"wpforms-1030-field_7\">Message - description du projet <span class=\"wpforms-required-label\" aria-hidden=\"true\">*<\/span><\/label><textarea id=\"wpforms-1030-field_7\" class=\"wpforms-field-medium wpforms-field-required\" name=\"wpforms[fields][7]\" aria-errormessage=\"wpforms-1030-field_7-error\" required><\/textarea><\/div><script>\n\t\t\t\t( function() {\n\t\t\t\t\tconst style = document.createElement( 'style' );\n\t\t\t\t\tstyle.appendChild( document.createTextNode( '#wpforms-1030-field_1-container { position: absolute !important; overflow: hidden !important; display: inline !important; height: 1px !important; width: 1px !important; z-index: -1000 !important; padding: 0 !important; } #wpforms-1030-field_1-container input { visibility: hidden; } #wpforms-conversational-form-page #wpforms-1030-field_1-container label { counter-increment: none; }' ) );\n\t\t\t\t\tdocument.head.appendChild( style );\n\t\t\t\t\tdocument.currentScript?.remove();\n\t\t\t\t} )();\n\t\t\t<\/script><\/div><!-- .wpforms-field-container --><div class=\"wpforms-submit-container\" ><input type=\"hidden\" name=\"wpforms[id]\" value=\"1030\"><input type=\"hidden\" name=\"page_title\" value=\"\"><input type=\"hidden\" name=\"page_url\" value=\"https:\/\/cedclearshot.com\/en\/wp-json\/wp\/v2\/pages\/1045\"><input type=\"hidden\" name=\"url_referer\" value=\"\"><button type=\"submit\" name=\"wpforms[submit]\" id=\"wpforms-submit-1030\" class=\"wpforms-submit\" data-alt-text=\"Sending...\" data-submit-text=\"Envoyer ma demande\" aria-live=\"assertive\" value=\"wpforms-submit\">Envoyer ma demande<\/button><img decoding=\"async\" src=\"https:\/\/cedclearshot.com\/wp-content\/plugins\/wpforms-lite\/assets\/images\/submit-spin.svg\" class=\"wpforms-submit-spinner\" style=\"display: none;\" width=\"26\" height=\"26\" alt=\"Loading\"><\/div><\/form><\/div>  <!-- .wpforms-container -->\t\t\t\t<\/div>\n\t\t\t\t<\/div>\n\t\t\t\t\t<\/div>\n\t\t\t\t<\/div>\n\t\t\t\t<\/div>\n\t\t","protected":false},"excerpt":{"rendered":"<p>Planifier une s\u00e9ance COMMENT SE D\u00c9ROULE LA DEMANDE 01 Planifier la s\u00e9ance Vous nous partagez les grandes lignes de votre projet via le formulaire. Type de service, date souhait\u00e9e, lieu et attentes. Cela permet de bien comprendre votre vision d\u00e8s le d\u00e9part. 02 Pr\u00e9parer ensemble Apr\u00e8s r\u00e9ception de votre demande, nous \u00e9changeons pour confirmer les [&hellip;]<\/p>\n","protected":false},"author":1,"featured_media":0,"parent":0,"menu_order":0,"comment_status":"closed","ping_status":"closed","template":"","meta":{"footnotes":""},"class_list":["post-1045","page","type-page","status-publish","hentry"],"_links":{"self":[{"href":"https:\/\/cedclearshot.com\/en\/wp-json\/wp\/v2\/pages\/1045","targetHints":{"allow":["GET"]}}],"collection":[{"href":"https:\/\/cedclearshot.com\/en\/wp-json\/wp\/v2\/pages"}],"about":[{"href":"https:\/\/cedclearshot.com\/en\/wp-json\/wp\/v2\/types\/page"}],"author":[{"embeddable":true,"href":"https:\/\/cedclearshot.com\/en\/wp-json\/wp\/v2\/users\/1"}],"replies":[{"embeddable":true,"href":"https:\/\/cedclearshot.com\/en\/wp-json\/wp\/v2\/comments?post=1045"}],"version-history":[{"count":46,"href":"https:\/\/cedclearshot.com\/en\/wp-json\/wp\/v2\/pages\/1045\/revisions"}],"predecessor-version":[{"id":1510,"href":"https:\/\/cedclearshot.com\/en\/wp-json\/wp\/v2\/pages\/1045\/revisions\/1510"}],"wp:attachment":[{"href":"https:\/\/cedclearshot.com\/en\/wp-json\/wp\/v2\/media?parent=1045"}],"curies":[{"name":"wp","href":"https:\/\/api.w.org\/{rel}","templated":true}]}}